{"id":512,"date":"2025-01-07T22:26:40","date_gmt":"2025-01-07T21:26:40","guid":{"rendered":"https:\/\/praxis-weiger.de\/imprint\/"},"modified":"2026-04-07T22:39:28","modified_gmt":"2026-04-07T20:39:28","slug":"imprint","status":"publish","type":"page","link":"https:\/\/praxis-weiger.de\/en\/imprint\/","title":{"rendered":"Imprint"},"content":{"rendered":"\n<p>Philip Weiger<br\/>Marienstr. 10<br\/>79098 Freiburg <\/p>\n\n<h2 class=\"wp-block-heading\">Contact<\/h2>\n\n<p>Phone: +4976138433473<br\/>Email: impressum@praxis-weiger.de<\/p>\n\n<h2 class=\"wp-block-heading\">Professional Title and Professional Regulations<\/h2>\n\n<p>Professional title:<br\/>Aus\u00fcbung der Heilkunde auf dem Gebiet der Psychotherapie gem\u00e4\u00df \u00a7 1 Abs. 1 des HeilprG. <\/p>\n\n<h2 class=\"wp-block-heading\">Supervisory Authority<\/h2>\n\n<p>Landratsamt Breisgau-Hochschwarzwald<br\/>Department of Health and Care<br\/>Sautierstra\u00dfe 30<br\/>79104 Freiburg<\/p>\n\n<h2 class=\"wp-block-heading\">Professional Liability Insurance Information<\/h2>\n\n<p><strong>Name and registered office of the insurer:<\/strong><br\/>Barmenia<br\/>Barmenia-Allee 1<br\/>42119 Wuppertal<\/p>\n\n<h2 class=\"wp-block-heading\">EU Dispute Resolution<\/h2>\n\n<p>The European Commission provides a platform for online dispute resolution (ODR): <a href=\"https:\/\/ec.europa.eu\/consumers\/odr\/\" target=\"_blank\" rel=\"noreferrer noopener\">https:\/\/ec.europa.eu\/consumers\/odr\/<\/a>.<br\/>You can find our email address above in the imprint.<\/p>\n\n<h2 class=\"wp-block-heading\">Consumer Dispute Resolution\/Universal Arbitration Board<\/h2>\n\n<p>We are not willing or obligated to participate in dispute resolution proceedings before a consumer arbitration board.<\/p>\n\n<p>Source: <a href=\"https:\/\/www.e-recht24.de\" target=\"_blank\" rel=\"noreferrer noopener\">https:\/\/www.e-recht24.de<\/a><\/p>\n\n<p><\/p>\n","protected":false},"excerpt":{"rendered":"<p>Philip WeigerMarienstr. 1079098 Freiburg Contact Phone: +4976138433473Email: impressum@praxis-weiger.de Professional Title and Professional Regulations Professional title:Aus\u00fcbung der Heilkunde auf dem Gebiet der Psychotherapie gem\u00e4\u00df \u00a7 1 Abs. 1 des HeilprG. Supervisory Authority Landratsamt Breisgau-HochschwarzwaldDepartment of Health and CareSautierstra\u00dfe 3079104 Freiburg Professional Liability Insurance Information Name and registered office of the insurer:BarmeniaBarmenia-Allee 142119 Wuppertal EU Dispute Resolution [&hellip;]<\/p>\n","protected":false},"author":1,"featured_media":0,"parent":0,"menu_order":0,"comment_status":"closed","ping_status":"open","template":"","meta":{"footnotes":""},"class_list":["post-512","page","type-page","status-publish","hentry"],"_links":{"self":[{"href":"https:\/\/praxis-weiger.de\/en\/wp-json\/wp\/v2\/pages\/512","targetHints":{"allow":["GET"]}}],"collection":[{"href":"https:\/\/praxis-weiger.de\/en\/wp-json\/wp\/v2\/pages"}],"about":[{"href":"https:\/\/praxis-weiger.de\/en\/wp-json\/wp\/v2\/types\/page"}],"author":[{"embeddable":true,"href":"https:\/\/praxis-weiger.de\/en\/wp-json\/wp\/v2\/users\/1"}],"replies":[{"embeddable":true,"href":"https:\/\/praxis-weiger.de\/en\/wp-json\/wp\/v2\/comments?post=512"}],"version-history":[{"count":6,"href":"https:\/\/praxis-weiger.de\/en\/wp-json\/wp\/v2\/pages\/512\/revisions"}],"predecessor-version":[{"id":558,"href":"https:\/\/praxis-weiger.de\/en\/wp-json\/wp\/v2\/pages\/512\/revisions\/558"}],"wp:attachment":[{"href":"https:\/\/praxis-weiger.de\/en\/wp-json\/wp\/v2\/media?parent=512"}],"curies":[{"name":"wp","href":"https:\/\/api.w.org\/{rel}","templated":true}]}}